{"id":32426,"date":"2020-02-25T12:21:45","date_gmt":"2020-02-25T18:21:45","guid":{"rendered":"http:\/\/decrolyamericano.edu.gt\/?page_id=32426"},"modified":"2021-03-08T09:40:12","modified_gmt":"2021-03-08T15:40:12","slug":"employment-opportunities","status":"publish","type":"page","link":"http:\/\/decrolyamericano.edu.gt\/es\/employment-opportunities\/","title":{"rendered":"Oportunidades Laborales"},"content":{"rendered":"<div class=\"wpb-content-wrapper\"><div class=\"vc_row wpb_row vc_row-fluid\"><div class=\"wpb_column vc_column_container vc_col-sm-12\"><div class=\"vc_column-inner\"><div class=\"wpb_wrapper\">\n\t<div class=\"wpb_text_column wpb_content_element\" >\n\t\t<div class=\"wpb_wrapper\">\n\t\t\t<h2>Oportunidades Laborales<\/h2>\n<p>A lo largo del a\u00f1o, CDA recibe solicitudes de  empleo las cuales  pueden ser para opciones de contrataci\u00f3n inmediata o solicitudes que se considerar\u00e1n para el siguiente ciclo escolar.<br \/>\nEnv\u00edenos su CV y \u200b\u200bdescargue la solicitud de empleo y env\u00ede sus documentos  a: employment@decrolyamericano.edu.gt<\/p>\n<h2>Requisitos<\/h2>\n<ul>\n<li>Licenciatura en el \u00e1rea en la que se desenvolver\u00e1<\/li>\n<li>Tres a\u00f1os de experiencia exitosa en un puesto similar<\/li>\n<li>Compromiso por salvaguardar y promover el bienestar de todos los alumnos<\/li>\n<li>Commitment to safeguard and promote the welfare of all children<\/li>\n<li>Ingl\u00e9s (Nivel C1 - Contrataciones locales)<\/li>\n<li>Comprometidos a adquirir fluidez en espa\u00f1ol (Personal extranjero)<\/li>\n<li>Experiencia con plataformas y herramientas virtuales de aprendizaje<\/li>\n<li>Relaciones interpersonales efectivas<\/li>\n<li>Antecedentes policiacos y del FBI (Antecedentes Penales y Polic\u00edacos-Contrataciones locales)<\/li>\n<\/ul>\n\n\t\t<\/div>\n\t<\/div>\n<\/div><\/div><\/div><\/div><div class=\"vc_row wpb_row vc_row-fluid\"><div class=\"wpb_column vc_column_container vc_col-sm-6\"><div class=\"vc_column-inner\"><div class=\"wpb_wrapper\">\n\t<div class=\"wpb_text_column wpb_content_element\" >\n\t\t<div class=\"wpb_wrapper\">\n\t\t\t<p><a class=\"fasc-button fasc-size-large fasc-type-glossy fasc-rounded-medium fasc-ico-before dashicons-video-alt3\" style=\"background-color: #d11723; color: #ffffff;\" target=\"_blank\" rel=\"noopener noreferrer\" href=\"https:\/\/www.youtube.com\/watch?v=RO_4uH7BWNU\">Video Institucional<\/a><\/p>\n<p>&nbsp;<\/p>\n\n\t\t<\/div>\n\t<\/div>\n<\/div><\/div><\/div><div class=\"wpb_column vc_column_container vc_col-sm-6\"><div class=\"vc_column-inner\"><div class=\"wpb_wrapper\">\n\t<div class=\"wpb_text_column wpb_content_element\" >\n\t\t<div class=\"wpb_wrapper\">\n\t\t\t<p><a class=\"fasc-button fasc-size-large fasc-type-glossy fasc-rounded-medium fasc-ico-before dashicons-download-alt3\" style=\"background-color: #d11723; color: #ffffff;\" target=\"_blank\" rel=\"noopener noreferrer\" href=\"https:\/\/decrolyamericano.edu.gt\/wp-content\/uploads\/2020\/01\/Application-Form-2021-Template.xls\">Solicitud de Empleo<\/a><\/p>\n<p>&nbsp;<\/p>\n\n\t\t<\/div>\n\t<\/div>\n<\/div><\/div><\/div><\/div>\n<\/div>","protected":false},"excerpt":{"rendered":"EMPLOYMENT Throughout the year, CDA receives applications for employment opportunities which may be immediate hiring options or applications which will be considered for the following school year. Please send us your CV and download your application form, and send it &hellip;","protected":false},"author":4,"featured_media":0,"parent":0,"menu_order":0,"comment_status":"closed","ping_status":"closed","template":"","meta":{"footnotes":""},"class_list":["post-32426","page","type-page","status-publish","hentry"],"jetpack_sharing_enabled":true,"jetpack_shortlink":"https:\/\/wp.me\/Pb4fYb-8r0","_links":{"self":[{"href":"http:\/\/decrolyamericano.edu.gt\/es\/wp-json\/wp\/v2\/pages\/32426","targetHints":{"allow":["GET"]}}],"collection":[{"href":"http:\/\/decrolyamericano.edu.gt\/es\/wp-json\/wp\/v2\/pages"}],"about":[{"href":"http:\/\/decrolyamericano.edu.gt\/es\/wp-json\/wp\/v2\/types\/page"}],"author":[{"embeddable":true,"href":"http:\/\/decrolyamericano.edu.gt\/es\/wp-json\/wp\/v2\/users\/4"}],"replies":[{"embeddable":true,"href":"http:\/\/decrolyamericano.edu.gt\/es\/wp-json\/wp\/v2\/comments?post=32426"}],"version-history":[{"count":8,"href":"http:\/\/decrolyamericano.edu.gt\/es\/wp-json\/wp\/v2\/pages\/32426\/revisions"}],"predecessor-version":[{"id":220185,"href":"http:\/\/decrolyamericano.edu.gt\/es\/wp-json\/wp\/v2\/pages\/32426\/revisions\/220185"}],"wp:attachment":[{"href":"http:\/\/decrolyamericano.edu.gt\/es\/wp-json\/wp\/v2\/media?parent=32426"}],"curies":[{"name":"wp","href":"https:\/\/api.w.org\/{rel}","templated":true}]}}