{"id":10171,"date":"2019-10-09T16:30:01","date_gmt":"2019-10-09T22:30:01","guid":{"rendered":"http:\/\/new.decrolyamericano.edu.gt\/?page_id=10171"},"modified":"2024-06-04T10:18:32","modified_gmt":"2024-06-04T16:18:32","slug":"department-of-learning-teaching","status":"publish","type":"page","link":"https:\/\/decrolyamericano.edu.gt\/es\/department-of-learning-teaching\/","title":{"rendered":"Dpt. de ense\u00f1anza y aprendizaje"},"content":{"rendered":"<div class=\"wpb-content-wrapper\"><div class=\"vc_row wpb_row vc_row-fluid\"><div class=\"wpb_column vc_column_container vc_col-sm-12\"><div class=\"vc_column-inner\"><div class=\"wpb_wrapper\"><div class=\"vc_empty_space\"   style=\"height: 32px\"><span class=\"vc_empty_space_inner\"><\/span><\/div>\n\t<div class=\"wpb_text_column wpb_content_element\" >\n\t\t<div class=\"wpb_wrapper\">\n\t\t\t<p><span style=\"font-weight: 400;\"><a href=\"https:\/\/i0.wp.com\/decrolyamericano.edu.gt\/wp-content\/uploads\/2024\/06\/jpegbase6461a53c8b52dbdce1.jpg?ssl=1\"><img data-recalc-dims=\"1\" fetchpriority=\"high\" decoding=\"async\" class=\"alignleft wp-image-368821 size-medium\" src=\"https:\/\/i0.wp.com\/decrolyamericano.edu.gt\/wp-content\/uploads\/2024\/06\/jpegbase6461a53c8b52dbdce1.jpg?resize=200%2C300&#038;ssl=1\" alt=\"\" width=\"200\" height=\"300\" srcset=\"https:\/\/i0.wp.com\/decrolyamericano.edu.gt\/wp-content\/uploads\/2024\/06\/jpegbase6461a53c8b52dbdce1.jpg?resize=200%2C300&amp;ssl=1 200w, https:\/\/i0.wp.com\/decrolyamericano.edu.gt\/wp-content\/uploads\/2024\/06\/jpegbase6461a53c8b52dbdce1.jpg?resize=683%2C1024&amp;ssl=1 683w, https:\/\/i0.wp.com\/decrolyamericano.edu.gt\/wp-content\/uploads\/2024\/06\/jpegbase6461a53c8b52dbdce1.jpg?resize=768%2C1152&amp;ssl=1 768w, https:\/\/i0.wp.com\/decrolyamericano.edu.gt\/wp-content\/uploads\/2024\/06\/jpegbase6461a53c8b52dbdce1.jpg?resize=1024%2C1536&amp;ssl=1 1024w, https:\/\/i0.wp.com\/decrolyamericano.edu.gt\/wp-content\/uploads\/2024\/06\/jpegbase6461a53c8b52dbdce1.jpg?resize=8%2C12&amp;ssl=1 8w, https:\/\/i0.wp.com\/decrolyamericano.edu.gt\/wp-content\/uploads\/2024\/06\/jpegbase6461a53c8b52dbdce1.jpg?w=1067&amp;ssl=1 1067w\" sizes=\"(max-width: 200px) 100vw, 200px\" \/><\/a><\/span><\/p>\n<p>&nbsp;<\/p>\n<p><span style=\"font-weight: 400;\">El Departamento de Ense\u00f1anza y Aprendizaje (DLT) es responsable de alinear las pr\u00e1cticas del colegio con la filosof\u00eda educativa y los principios de aprendizaje ACE. El enfoque del Departamento es garantizar el aprendizaje y el crecimiento de los estudiantes, de acuerdo con la Filosof\u00eda Educativa, a trav\u00e9s del incremento del desarrollo profesional de los maestros. Esto incluye la inducci\u00f3n de nuevos maestros, entrenamiento y reflexi\u00f3n internos, talleres basados \u200b\u200ben las necesidades de los maestros, revisi\u00f3n del plan de estudios, desarrollo socioemocional, revisi\u00f3n de programas especiales, etc.\u00a0<\/span><\/p>\n<p>&nbsp;<\/p>\n<p><span style=\"font-weight: 400;\">Este departamento es responsable del desarrollo, implementaci\u00f3n y supervisi\u00f3n del plan de estudios, la ense\u00f1anza y el aprendizaje, y la evaluaci\u00f3n en todas las divisiones escolares, seg\u00fan los principales planes de aprendizaje desarrollados durante el proceso de acreditaci\u00f3n con NEASC. Los objetivos del Departamento son:\u00a0<\/span><\/p>\n<p>&nbsp;<\/p>\n<p><span style=\"font-weight: 400;\">Metas:\u00a0<\/span><\/p>\n<ul>\n<li style=\"font-weight: 400;\"><span style=\"font-weight: 400;\">Ofrecer un programa de aprendizaje rico y equilibrado para todos los estudiantes que brinde oportunidades significativas para la reflexi\u00f3n sobre los logros y el crecimiento personal.<\/span><\/li>\n<li style=\"font-weight: 400;\"><span style=\"font-weight: 400;\">Para garantizar que las experiencias de aprendizaje de los estudiantes se integren a trav\u00e9s de conexiones del mundo real en todo el plan de estudios y se entreguen a trav\u00e9s de un enfoque de investigaci\u00f3n.<\/span><\/li>\n<li style=\"font-weight: 400;\"><span style=\"font-weight: 400;\">Para satisfacer las necesidades acad\u00e9micas, sociales y emocionales individuales de cada estudiante a trav\u00e9s de sistemas integrados y ense\u00f1anza diferenciada de calidad.<\/span><\/li>\n<li style=\"font-weight: 400;\"><span style=\"font-weight: 400;\">Para construir un fuerte sentido de pertenencia a una comunidad, dentro, alrededor y fuera del colegio.<\/span><\/li>\n<li style=\"font-weight: 400;\"><span style=\"font-weight: 400;\">Asegurar que el colegio tenga la capacidad financiera y los medios para brindar y mantener una educaci\u00f3n internacional de alta calidad a trav\u00e9s de la asignaci\u00f3n intencional de recursos para tiempo y espacio.<\/span><\/li>\n<li style=\"font-weight: 400;\"><span style=\"font-weight: 400;\">Brindar las instalaciones que nos permitan ofrecer un programa de aprendizaje rico y equilibrado apropiado para la educaci\u00f3n de estudiantes de mentalidad internacional.<\/span><\/li>\n<\/ul>\n\n\t\t<\/div>\n\t<\/div>\n<\/div><\/div><\/div><\/div>\n<\/div>","protected":false},"excerpt":{"rendered":"&nbsp; The Department of Learning and Teaching (DLT) is responsible for aligning the school\u2019s practices with the Educational Philosophy and ACE Learning Principles. The focus of the Department is to ensure student learning and growth, according to the Educational Philosophy, &hellip;","protected":false},"author":4,"featured_media":0,"parent":0,"menu_order":0,"comment_status":"closed","ping_status":"closed","template":"","meta":{"footnotes":""},"class_list":["post-10171","page","type-page","status-publish","hentry"],"jetpack_sharing_enabled":true,"jetpack_shortlink":"https:\/\/wp.me\/Pb4fYb-2E3","_links":{"self":[{"href":"https:\/\/decrolyamericano.edu.gt\/es\/wp-json\/wp\/v2\/pages\/10171","targetHints":{"allow":["GET"]}}],"collection":[{"href":"https:\/\/decrolyamericano.edu.gt\/es\/wp-json\/wp\/v2\/pages"}],"about":[{"href":"https:\/\/decrolyamericano.edu.gt\/es\/wp-json\/wp\/v2\/types\/page"}],"author":[{"embeddable":true,"href":"https:\/\/decrolyamericano.edu.gt\/es\/wp-json\/wp\/v2\/users\/4"}],"replies":[{"embeddable":true,"href":"https:\/\/decrolyamericano.edu.gt\/es\/wp-json\/wp\/v2\/comments?post=10171"}],"version-history":[{"count":4,"href":"https:\/\/decrolyamericano.edu.gt\/es\/wp-json\/wp\/v2\/pages\/10171\/revisions"}],"predecessor-version":[{"id":368823,"href":"https:\/\/decrolyamericano.edu.gt\/es\/wp-json\/wp\/v2\/pages\/10171\/revisions\/368823"}],"wp:attachment":[{"href":"https:\/\/decrolyamericano.edu.gt\/es\/wp-json\/wp\/v2\/media?parent=10171"}],"curies":[{"name":"wp","href":"https:\/\/api.w.org\/{rel}","templated":true}]}}