{"id":15901,"date":"2020-01-24T08:42:06","date_gmt":"2020-01-24T14:42:06","guid":{"rendered":"http:\/\/decrolyamericano.edu.gt\/?page_id=15901"},"modified":"2020-11-03T13:41:40","modified_gmt":"2020-11-03T19:41:40","slug":"athletic-department","status":"publish","type":"page","link":"https:\/\/decrolyamericano.edu.gt\/es\/athletic-department\/","title":{"rendered":"Athletic Department"},"content":{"rendered":"<p><span style=\"font-weight: 400;\">El Departamento de Atletismo promueve en nuestros estudiantes un estilo de vida saludable. Los motivamos a desarrollar destrezas competitivas en la pr\u00e1ctica deportiva. Alentamos tambi\u00e9n a nuestros atletas a participar en el deporte de su preferencia, bajo los principios de disciplina y compromiso. Los atletas del CDA mejoraran sus habilidades deportivas al practicar el trabajo en equipo y divertirse mientras hacen lo que aman.<\/span><\/p>\n<p><span style=\"font-weight: 400;\">Ofrecemos diferentes programas desde kindergarten hasta el grado 12. En todos las disciplinas nuestros entrenadores y maestros de educaci\u00f3n f\u00edsica enfatizan y ense\u00f1an la importancia de hacer ejercicio y tener un cuerpo sano. Los entrenadores asisten a nuestros estudiantes en la identificaci\u00f3n de sus necesidades para lograr el \u00e9xito deportivo.\u00a0<\/span><\/p>\n<p><span style=\"font-weight: 400;\">Nuestros atletas tienen la oportunidad de practicar baloncesto, atletismo, f\u00fatbol y voleibol. Adem\u00e1s de estos deportes, tambi\u00e9n practican diferentes deportes competitivos durante las clases de educaci\u00f3n f\u00edsica.\u00a0<\/span><\/p>","protected":false},"excerpt":{"rendered":"<p>The Athletic Department strives to promote a healthy lifestyle in our students.\u00a0 We encourage our athletes to develop competitive skills in their sports\u2019 practice.\u00a0 We also promote the ability to choose their preferred sport, under the principles of discipline and &hellip; <\/p>","protected":false},"author":4,"featured_media":0,"parent":0,"menu_order":0,"comment_status":"closed","ping_status":"closed","template":"","meta":{"footnotes":""},"class_list":["post-15901","page","type-page","status-publish","hentry"],"jetpack_sharing_enabled":true,"jetpack_shortlink":"https:\/\/wp.me\/Pb4fYb-48t","_links":{"self":[{"href":"https:\/\/decrolyamericano.edu.gt\/es\/wp-json\/wp\/v2\/pages\/15901","targetHints":{"allow":["GET"]}}],"collection":[{"href":"https:\/\/decrolyamericano.edu.gt\/es\/wp-json\/wp\/v2\/pages"}],"about":[{"href":"https:\/\/decrolyamericano.edu.gt\/es\/wp-json\/wp\/v2\/types\/page"}],"author":[{"embeddable":true,"href":"https:\/\/decrolyamericano.edu.gt\/es\/wp-json\/wp\/v2\/users\/4"}],"replies":[{"embeddable":true,"href":"https:\/\/decrolyamericano.edu.gt\/es\/wp-json\/wp\/v2\/comments?post=15901"}],"version-history":[{"count":1,"href":"https:\/\/decrolyamericano.edu.gt\/es\/wp-json\/wp\/v2\/pages\/15901\/revisions"}],"predecessor-version":[{"id":15906,"href":"https:\/\/decrolyamericano.edu.gt\/es\/wp-json\/wp\/v2\/pages\/15901\/revisions\/15906"}],"wp:attachment":[{"href":"https:\/\/decrolyamericano.edu.gt\/es\/wp-json\/wp\/v2\/media?parent=15901"}],"curies":[{"name":"wp","href":"https:\/\/api.w.org\/{rel}","templated":true}]}}