{"id":9572,"date":"2019-07-30T18:29:36","date_gmt":"2019-07-30T18:29:36","guid":{"rendered":"http:\/\/new.decrolyamericano.edu.gt\/?page_id=9572"},"modified":"2024-06-05T08:33:21","modified_gmt":"2024-06-05T14:33:21","slug":"beyond-academics","status":"publish","type":"page","link":"https:\/\/decrolyamericano.edu.gt\/es\/beyond-academics\/","title":{"rendered":"M\u00e1s all\u00e1 de los estudios"},"content":{"rendered":"<div class=\"wpb-content-wrapper\"><div class=\"vc_row wpb_row vc_row-fluid\"><div class=\"wpb_column vc_column_container vc_col-sm-6\"><div class=\"vc_column-inner\"><div class=\"wpb_wrapper\">\n\t<div class=\"wpb_text_column wpb_content_element\" >\n\t\t<div class=\"wpb_wrapper\">\n\t\t\t<div class=\"views-field wrapper-body\">\n<div class=\"asa-body\">\n<h4 class=\"views-field-title\">Organizaci\u00f3n de padres de familia<\/h4>\n<p align=\"justify\">Este grupo, Grupo de Apoyo, est\u00e1 formado por padres de familia quienes voluntariamente hacen actividades que promueven el esp\u00edritu escolar y apoyan proyectos que ayudan al desarrollo y crecimiento recreativo de la instituci\u00f3n.<\/p>\n<\/div>\n<\/div>\n\n\t\t<\/div>\n\t<\/div>\n\n\t<div class=\"wpb_text_column wpb_content_element\" >\n\t\t<div class=\"wpb_wrapper\">\n\t\t\t<div class=\"views-field wrapper-body\">\n<div class=\"asa-body\">\n<h4 class=\"views-field-title\">Booster Club<\/h4>\n<p align=\"justify\">El Departamento Atl\u00e9tico del Colegio cuenta con el apoyo del \u201cBooster Club\u201d este grupo de padres de familia promueven actividades para recaudar fondos que ayudan a que nuestros equipos puedan participar en m\u00e1s eventos organizados por AASCA. La participaci\u00f3n de nuestros estudiantes en estos eventos atl\u00e9ticos es sumamente importante, as\u00ed que nuestro \u201cBooster Club\u201d es esencial en nuestra comunidad.<\/p>\n<\/div>\n<\/div>\n\n\t\t<\/div>\n\t<\/div>\n<\/div><\/div><\/div><div class=\"wpb_column vc_column_container vc_col-sm-6\"><div class=\"vc_column-inner\"><div class=\"wpb_wrapper\">\n\t<div  class=\"wpb_single_image wpb_content_element vc_align_left wpb_content_element\">\n\t\t\n\t\t<figure class=\"wpb_wrapper vc_figure\">\n\t\t\t<div class=\"vc_single_image-wrapper   vc_box_border_grey\"><img data-recalc-dims=\"1\" fetchpriority=\"high\" decoding=\"async\" width=\"640\" height=\"438\" src=\"https:\/\/i0.wp.com\/decrolyamericano.edu.gt\/wp-content\/uploads\/2024\/06\/Parent-Support-Group.jpeg?resize=640%2C438&#038;ssl=1\" class=\"vc_single_image-img attachment-large\" alt=\"\" title=\"Parent Support Group\" srcset=\"https:\/\/i0.wp.com\/decrolyamericano.edu.gt\/wp-content\/uploads\/2024\/06\/Parent-Support-Group.jpeg?resize=1024%2C701&amp;ssl=1 1024w, https:\/\/i0.wp.com\/decrolyamericano.edu.gt\/wp-content\/uploads\/2024\/06\/Parent-Support-Group.jpeg?resize=300%2C206&amp;ssl=1 300w, https:\/\/i0.wp.com\/decrolyamericano.edu.gt\/wp-content\/uploads\/2024\/06\/Parent-Support-Group.jpeg?resize=768%2C526&amp;ssl=1 768w, https:\/\/i0.wp.com\/decrolyamericano.edu.gt\/wp-content\/uploads\/2024\/06\/Parent-Support-Group.jpeg?resize=474%2C324&amp;ssl=1 474w, https:\/\/i0.wp.com\/decrolyamericano.edu.gt\/wp-content\/uploads\/2024\/06\/Parent-Support-Group.jpeg?resize=1536%2C1052&amp;ssl=1 1536w, https:\/\/i0.wp.com\/decrolyamericano.edu.gt\/wp-content\/uploads\/2024\/06\/Parent-Support-Group.jpeg?resize=18%2C12&amp;ssl=1 18w, https:\/\/i0.wp.com\/decrolyamericano.edu.gt\/wp-content\/uploads\/2024\/06\/Parent-Support-Group.jpeg?w=1600&amp;ssl=1 1600w, https:\/\/i0.wp.com\/decrolyamericano.edu.gt\/wp-content\/uploads\/2024\/06\/Parent-Support-Group.jpeg?w=1280&amp;ssl=1 1280w\" sizes=\"(max-width: 640px) 100vw, 640px\" \/><\/div>\n\t\t<\/figure>\n\t<\/div>\n<\/div><\/div><\/div><\/div><div class=\"vc_row wpb_row vc_row-fluid\"><div class=\"wpb_column vc_column_container vc_col-sm-12\"><div class=\"vc_column-inner\"><div class=\"wpb_wrapper\"><div class=\"vc_separator wpb_content_element vc_separator_align_center vc_sep_width_100 vc_sep_pos_align_center vc_separator_no_text vc_sep_color_grey wpb_content_element  wpb_content_element\" ><span class=\"vc_sep_holder vc_sep_holder_l\"><span class=\"vc_sep_line\"><\/span><\/span><span class=\"vc_sep_holder vc_sep_holder_r\"><span class=\"vc_sep_line\"><\/span><\/span>\n<\/div><\/div><\/div><\/div><\/div><div class=\"vc_row wpb_row vc_row-fluid\"><div class=\"wpb_column vc_column_container vc_col-sm-6\"><div class=\"vc_column-inner\"><div class=\"wpb_wrapper\">\n\t<div  class=\"wpb_single_image wpb_content_element vc_align_left wpb_content_element\">\n\t\t\n\t\t<figure class=\"wpb_wrapper vc_figure\">\n\t\t\t<div class=\"vc_single_image-wrapper   vc_box_border_grey\"><img data-recalc-dims=\"1\" decoding=\"async\" width=\"640\" height=\"426\" src=\"https:\/\/i0.wp.com\/decrolyamericano.edu.gt\/wp-content\/uploads\/2024\/06\/Wellness-Committe.jpg?resize=640%2C426&#038;ssl=1\" class=\"vc_single_image-img attachment-large\" alt=\"\" title=\"Wellness Committe\" srcset=\"https:\/\/i0.wp.com\/decrolyamericano.edu.gt\/wp-content\/uploads\/2024\/06\/Wellness-Committe-scaled.jpg?resize=1024%2C681&amp;ssl=1 1024w, https:\/\/i0.wp.com\/decrolyamericano.edu.gt\/wp-content\/uploads\/2024\/06\/Wellness-Committe-scaled.jpg?resize=300%2C199&amp;ssl=1 300w, https:\/\/i0.wp.com\/decrolyamericano.edu.gt\/wp-content\/uploads\/2024\/06\/Wellness-Committe-scaled.jpg?resize=768%2C511&amp;ssl=1 768w, https:\/\/i0.wp.com\/decrolyamericano.edu.gt\/wp-content\/uploads\/2024\/06\/Wellness-Committe-scaled.jpg?resize=391%2C260&amp;ssl=1 391w, https:\/\/i0.wp.com\/decrolyamericano.edu.gt\/wp-content\/uploads\/2024\/06\/Wellness-Committe-scaled.jpg?resize=1536%2C1021&amp;ssl=1 1536w, https:\/\/i0.wp.com\/decrolyamericano.edu.gt\/wp-content\/uploads\/2024\/06\/Wellness-Committe-scaled.jpg?resize=2048%2C1362&amp;ssl=1 2048w, https:\/\/i0.wp.com\/decrolyamericano.edu.gt\/wp-content\/uploads\/2024\/06\/Wellness-Committe-scaled.jpg?resize=18%2C12&amp;ssl=1 18w, https:\/\/i0.wp.com\/decrolyamericano.edu.gt\/wp-content\/uploads\/2024\/06\/Wellness-Committe-scaled.jpg?w=1280&amp;ssl=1 1280w, https:\/\/i0.wp.com\/decrolyamericano.edu.gt\/wp-content\/uploads\/2024\/06\/Wellness-Committe-scaled.jpg?w=1920&amp;ssl=1 1920w\" sizes=\"(max-width: 640px) 100vw, 640px\" \/><\/div>\n\t\t<\/figure>\n\t<\/div>\n<\/div><\/div><\/div><div class=\"wpb_column vc_column_container vc_col-sm-6\"><div class=\"vc_column-inner\"><div class=\"wpb_wrapper\">\n\t<div class=\"wpb_text_column wpb_content_element\" >\n\t\t<div class=\"wpb_wrapper\">\n\t\t\t<div class=\"views-field wrapper-body\">\n<div class=\"asa-body\">\n<h4 class=\"views-field-title\">Actividades despu\u00e9s de clases<\/h4>\n<p align=\"justify\">El Colegio ofrece una variedad de actividades despu\u00e9s del horario escolar, \u00e9stas incluyen una oferta variada, desde las artes hasta las ciencias. Estas actividades est\u00e1n dise\u00f1adas para fortalecer el curr\u00edculo acad\u00e9mico y estimular el proceso de aprendizaje-ense\u00f1anza.<\/p>\n<\/div>\n<\/div>\n\n\t\t<\/div>\n\t<\/div>\n\n\t<div class=\"wpb_text_column wpb_content_element\" >\n\t\t<div class=\"wpb_wrapper\">\n\t\t\t<div class=\"views-field wrapper-body\">\n<div class=\"asa-body\">\n<h4 class=\"views-field-title\">Comit\u00e9 de Bienestar<\/h4>\n<p align=\"justify\">La misi\u00f3n de este comit\u00e9 es fomentar el desarrollo de actitudes y destrezas que conducen a un bienestar f\u00edsico, lo cual asegura que la comunidad est\u00e9 bien tanto emocional, intelectual y socialmente.<\/p>\n<\/div>\n<\/div>\n\n\t\t<\/div>\n\t<\/div>\n<\/div><\/div><\/div><\/div><div class=\"vc_row wpb_row vc_row-fluid\"><div class=\"wpb_column vc_column_container vc_col-sm-6\"><div class=\"vc_column-inner\"><div class=\"wpb_wrapper\">\n\t<div class=\"wpb_text_column wpb_content_element\" >\n\t\t<div class=\"wpb_wrapper\">\n\t\t\t<h2 class=\"views-field-title\">ELA Guatemala<\/h2>\n<div class=\"asa-body\">\n<p align=\"justify\">Somos una instituci\u00f3n educativa orientada a resultados en la ense\u00f1anza de idiomas a trav\u00e9s del uso de estrategias innovadoras, manteniendo altos est\u00e1ndares de calidad y fomentando el crecimiento individual en un \u00e1mbito internacional.<\/p>\n<p><a href=\"http:\/\/www.elaguatemala.com\/\">www.elaguatemala.com<\/a><\/p>\n<\/div>\n\n\t\t<\/div>\n\t<\/div>\n<\/div><\/div><\/div><div class=\"wpb_column vc_column_container vc_col-sm-6\"><div class=\"vc_column-inner\"><div class=\"wpb_wrapper\">\n\t<div  class=\"wpb_single_image wpb_content_element vc_align_left wpb_content_element\">\n\t\t\n\t\t<figure class=\"wpb_wrapper vc_figure\">\n\t\t\t<div class=\"vc_single_image-wrapper   vc_box_border_grey\"><img data-recalc-dims=\"1\" decoding=\"async\" width=\"640\" height=\"426\" src=\"https:\/\/i0.wp.com\/decrolyamericano.edu.gt\/wp-content\/uploads\/2024\/06\/ela4.jpg?resize=640%2C426&#038;ssl=1\" class=\"vc_single_image-img attachment-large\" alt=\"\" title=\"ela4\" srcset=\"https:\/\/i0.wp.com\/decrolyamericano.edu.gt\/wp-content\/uploads\/2024\/06\/ela4-scaled.jpg?resize=1024%2C681&amp;ssl=1 1024w, https:\/\/i0.wp.com\/decrolyamericano.edu.gt\/wp-content\/uploads\/2024\/06\/ela4-scaled.jpg?resize=300%2C199&amp;ssl=1 300w, https:\/\/i0.wp.com\/decrolyamericano.edu.gt\/wp-content\/uploads\/2024\/06\/ela4-scaled.jpg?resize=768%2C511&amp;ssl=1 768w, https:\/\/i0.wp.com\/decrolyamericano.edu.gt\/wp-content\/uploads\/2024\/06\/ela4-scaled.jpg?resize=391%2C260&amp;ssl=1 391w, https:\/\/i0.wp.com\/decrolyamericano.edu.gt\/wp-content\/uploads\/2024\/06\/ela4-scaled.jpg?resize=1536%2C1021&amp;ssl=1 1536w, https:\/\/i0.wp.com\/decrolyamericano.edu.gt\/wp-content\/uploads\/2024\/06\/ela4-scaled.jpg?resize=2048%2C1362&amp;ssl=1 2048w, https:\/\/i0.wp.com\/decrolyamericano.edu.gt\/wp-content\/uploads\/2024\/06\/ela4-scaled.jpg?resize=18%2C12&amp;ssl=1 18w, https:\/\/i0.wp.com\/decrolyamericano.edu.gt\/wp-content\/uploads\/2024\/06\/ela4-scaled.jpg?w=1280&amp;ssl=1 1280w, https:\/\/i0.wp.com\/decrolyamericano.edu.gt\/wp-content\/uploads\/2024\/06\/ela4-scaled.jpg?w=1920&amp;ssl=1 1920w\" sizes=\"(max-width: 640px) 100vw, 640px\" \/><\/div>\n\t\t<\/figure>\n\t<\/div>\n<\/div><\/div><\/div><\/div>\n<\/div>","protected":false},"excerpt":{"rendered":"Parent Organization The parent organization group is formed parents who voluntarily fundraise for the institution\u2019s growth and development. They promote student and parent participation in activities that boost school pride. Booster Club The CDA Sports Department counts on the support &hellip;","protected":false},"author":3,"featured_media":0,"parent":0,"menu_order":0,"comment_status":"closed","ping_status":"closed","template":"","meta":{"footnotes":""},"class_list":["post-9572","page","type-page","status-publish","hentry"],"jetpack_sharing_enabled":true,"jetpack_shortlink":"https:\/\/wp.me\/Pb4fYb-2uo","_links":{"self":[{"href":"https:\/\/decrolyamericano.edu.gt\/es\/wp-json\/wp\/v2\/pages\/9572","targetHints":{"allow":["GET"]}}],"collection":[{"href":"https:\/\/decrolyamericano.edu.gt\/es\/wp-json\/wp\/v2\/pages"}],"about":[{"href":"https:\/\/decrolyamericano.edu.gt\/es\/wp-json\/wp\/v2\/types\/page"}],"author":[{"embeddable":true,"href":"https:\/\/decrolyamericano.edu.gt\/es\/wp-json\/wp\/v2\/users\/3"}],"replies":[{"embeddable":true,"href":"https:\/\/decrolyamericano.edu.gt\/es\/wp-json\/wp\/v2\/comments?post=9572"}],"version-history":[{"count":3,"href":"https:\/\/decrolyamericano.edu.gt\/es\/wp-json\/wp\/v2\/pages\/9572\/revisions"}],"predecessor-version":[{"id":368942,"href":"https:\/\/decrolyamericano.edu.gt\/es\/wp-json\/wp\/v2\/pages\/9572\/revisions\/368942"}],"wp:attachment":[{"href":"https:\/\/decrolyamericano.edu.gt\/es\/wp-json\/wp\/v2\/media?parent=9572"}],"curies":[{"name":"wp","href":"https:\/\/api.w.org\/{rel}","templated":true}]}}